{"id":3792,"date":"2025-06-26T07:54:18","date_gmt":"2025-06-26T05:54:18","guid":{"rendered":"https:\/\/desdelaterrazadeamador.com\/?page_id=3792"},"modified":"2025-06-26T07:54:19","modified_gmt":"2025-06-26T05:54:19","slug":"los-enganos-de-los-fondos-verdes-una-tapadera-para-los-combustibles-fosiles","status":"publish","type":"page","link":"https:\/\/desdelaterrazadeamador.com\/en\/los-enganos-de-los-fondos-verdes-una-tapadera-para-los-combustibles-fosiles\/","title":{"rendered":"The deceptions of \"Green\" Funds: A cover for Fossil Fuels?"},"content":{"rendered":"<p>Views: 0<\/p>\n<p class=\"wp-block-paragraph\">In the frenzy for sustainability, investment in \"green\" funds has skyrocketed. People are looking for investment opportunities aligned with their values, and the promise of a green future seems irresistible. However, an analysis by The Guardian and other media outlets reveals a worrying reality: many of these funds are using \"greenwashing\" to hide their investments in projects that actually fund the fossil fuel industries.<\/p>\n\n\n\n<p class=\"wp-block-paragraph\">The image of sustainability that some investment funds project crumbles when the reality of their investments becomes apparent. One example, like the one that recently was brought  out to the public, shows how funds promoted as \"sustainable\" massively finance projects of the largest oil companies, reaching amounts exceeding $33 trillion. How is it possible for this to happen and for people to believe it?<\/p>\n\n\n\n<p class=\"wp-block-paragraph\">The problem goes beyond a simple lack of transparency. In many cases, the managers of these funds act with astonishing irresponsibility. They blatantly lie to investors who trust them to invest in \"sustainable projects\" that, in practice, are not. And, even more seriously, there are no consequences. No sanctions, no fines, not even a simple slap on the wrist for those involved.<\/p>\n\n\n\n<p class=\"wp-block-paragraph\">Investigative journalism, and in this case that of The Guardian newspaper, has played a crucial role in exposing these practices. We come across stories like that of the Sustainable Global Stars fund, which was criticized for its actions. The fund manager's response was simply to remove the word \"sustainable\" from the fund's name. Is this the way a problem of this magnitude should be addressed? Where does that leave investors' credibility?<\/p>\n\n\n\n<figure class=\"wp-block-image size-full is-resized\"><img loading=\"lazy\" decoding=\"async\" width=\"380\" height=\"200\" src=\"https:\/\/desdelaterrazadeamador.com\/wp-content\/uploads\/2025\/06\/Green-Funds.jpg\" alt=\"\" class=\"wp-image-3793\" style=\"aspect-ratio:1.900034281796366;width:487px;height:auto\" srcset=\"https:\/\/desdelaterrazadeamador.com\/wp-content\/uploads\/2025\/06\/Green-Funds.jpg 380w, https:\/\/desdelaterrazadeamador.com\/wp-content\/uploads\/2025\/06\/Green-Funds-300x158.jpg 300w, https:\/\/desdelaterrazadeamador.com\/wp-content\/uploads\/2025\/06\/Green-Funds-18x9.jpg 18w\" sizes=\"auto, (max-width: 380px) 100vw, 380px\" \/><\/figure>\n\n\n\n<p class=\"wp-block-paragraph\">This situation leads us to a fundamental question: Why don't our monetary authorities act more decisively in the face of these abuses? Don't they have an obligation to monitor and control the investments of funds, especially those that call themselves \"sustainable\"? Their inaction, or apparent passivity, contributes to the feeling of tacit collusion that allows these deceptive practices.<\/p>\n\n\n\n<p class=\"wp-block-paragraph\">My own experience, albeit modest, leads me to acknowledge this concern. With a very small stake in a fund of this type, I find myself needing to request information about its investments, even though I understand that I probably won't receive the transparency I desire. The fear of being deceived is palpable.<\/p>\n\n\n\n<p class=\"wp-block-paragraph\">The investigative work carried out by investigative journalists like The Guardian is crucial. It is a beacon of light amidst a darkness that threatens to obscure the true consequences of some investments in the name of sustainability. It should be monetary authorities, not the media, that carry out this oversight. Their work should focus on preventing citizens from falling victim to these schemes by establishing strict regulations and monitoring compliance.<\/p>\n\n\n\n<p class=\"wp-block-paragraph\">What does this picture tell us? It reveals a clear lack of regulatory oversight in the field of sustainable investment. At the same time, it exposes the lack of accountability of some fund managers. Without an efficient oversight mechanism and exemplary sanctions for the entities involved, the future of sustainable investment looks bleak.<\/p>\n\n\n\n<p class=\"wp-block-paragraph\">This is not just a financial issue. It's a question of values, of trust in the system, and of protecting the planet. We demand transparency, accountability, and decisive action from the authorities to prevent the continued use of sustainability as a facade to hide practices that ultimately harm the environment and investors.<\/p>\n\n\n\n<p class=\"wp-block-paragraph\">Those responsible must be held accountable, and investigative journalism must continue to do its work to keep the pressure on them. The task now is twofold: the authorities must act, and investors must demand truthful information.<\/p>\n\n\n\n<p class=\"wp-block-paragraph\">I once again congratulate the investigative work carried out.<\/p>","protected":false},"excerpt":{"rendered":"<p>Views: 0 En el frenes\u00ed por la sostenibilidad, la inversi\u00f3n en fondos \u00abverdes\u00bb se ha disparado. La gente busca oportunidades de inversi\u00f3n alineadas con sus valores, y la promesa de un futuro ecol\u00f3gico parece irresistible. Sin embargo, un an\u00e1lisis realizado por The Guardian y otros medios desvela una realidad preocupante: muchos de estos fondos est\u00e1n [&hellip;]<\/p>\n","protected":false},"author":1,"featured_media":0,"parent":0,"menu_order":0,"comment_status":"closed","ping_status":"closed","template":"","meta":{"_crdt_document":"","footnotes":""},"class_list":["post-3792","page","type-page","status-publish","hentry"],"yoast_head":"<!-- This site is optimized with the Yoast SEO plugin v27.3 - https:\/\/yoast.com\/product\/yoast-seo-wordpress\/ -->\n<title>Los enga\u00f1os de los Fondos &quot;Verdes&quot;: \u00bfUna tapadera para los Combustibles F\u00f3siles? - Desde la terraza de Amador<\/title>\n<meta name=\"robots\" content=\"index, follow, max-snippet:-1, max-image-preview:large, max-video-preview:-1\" \/>\n<link rel=\"canonical\" href=\"https:\/\/desdelaterrazadeamador.com\/en\/los-enganos-de-los-fondos-verdes-una-tapadera-para-los-combustibles-fosiles\/\" \/>\n<meta property=\"og:locale\" content=\"en_US\" \/>\n<meta property=\"og:type\" content=\"article\" \/>\n<meta property=\"og:title\" content=\"Los enga\u00f1os de los Fondos &quot;Verdes&quot;: \u00bfUna tapadera para los Combustibles F\u00f3siles? - Desde la terraza de Amador\" \/>\n<meta property=\"og:description\" content=\"Views: 0 En el frenes\u00ed por la sostenibilidad, la inversi\u00f3n en fondos \u00abverdes\u00bb se ha disparado. La gente busca oportunidades de inversi\u00f3n alineadas con sus valores, y la promesa de un futuro ecol\u00f3gico parece irresistible. Sin embargo, un an\u00e1lisis realizado por The Guardian y otros medios desvela una realidad preocupante: muchos de estos fondos est\u00e1n [&hellip;]\" \/>\n<meta property=\"og:url\" content=\"https:\/\/desdelaterrazadeamador.com\/en\/los-enganos-de-los-fondos-verdes-una-tapadera-para-los-combustibles-fosiles\/\" \/>\n<meta property=\"og:site_name\" content=\"Desde la terraza de Amador\" \/>\n<meta property=\"article:modified_time\" content=\"2025-06-26T05:54:19+00:00\" \/>\n<meta property=\"og:image\" content=\"https:\/\/desdelaterrazadeamador.com\/wp-content\/uploads\/2025\/06\/Green-Funds.jpg\" \/>\n\t<meta property=\"og:image:width\" content=\"380\" \/>\n\t<meta property=\"og:image:height\" content=\"200\" \/>\n\t<meta property=\"og:image:type\" content=\"image\/jpeg\" \/>\n<meta name=\"twitter:card\" content=\"summary_large_image\" \/>\n<meta name=\"twitter:site\" content=\"@edurneamaya\" \/>\n<meta name=\"twitter:label1\" content=\"Est. reading time\" \/>\n\t<meta name=\"twitter:data1\" content=\"4 minutes\" \/>\n<script type=\"application\/ld+json\" class=\"yoast-schema-graph\">{\"@context\":\"https:\\\/\\\/schema.org\",\"@graph\":[{\"@type\":\"WebPage\",\"@id\":\"https:\\\/\\\/desdelaterrazadeamador.com\\\/los-enganos-de-los-fondos-verdes-una-tapadera-para-los-combustibles-fosiles\\\/\",\"url\":\"https:\\\/\\\/desdelaterrazadeamador.com\\\/los-enganos-de-los-fondos-verdes-una-tapadera-para-los-combustibles-fosiles\\\/\",\"name\":\"Los enga\u00f1os de los Fondos \\\"Verdes\\\": \u00bfUna tapadera para los Combustibles F\u00f3siles? - Desde la terraza de Amador\",\"isPartOf\":{\"@id\":\"https:\\\/\\\/desdelaterrazadeamador.com\\\/#website\"},\"primaryImageOfPage\":{\"@id\":\"https:\\\/\\\/desdelaterrazadeamador.com\\\/los-enganos-de-los-fondos-verdes-una-tapadera-para-los-combustibles-fosiles\\\/#primaryimage\"},\"image\":{\"@id\":\"https:\\\/\\\/desdelaterrazadeamador.com\\\/los-enganos-de-los-fondos-verdes-una-tapadera-para-los-combustibles-fosiles\\\/#primaryimage\"},\"thumbnailUrl\":\"https:\\\/\\\/desdelaterrazadeamador.com\\\/wp-content\\\/uploads\\\/2025\\\/06\\\/Green-Funds.jpg\",\"datePublished\":\"2025-06-26T05:54:18+00:00\",\"dateModified\":\"2025-06-26T05:54:19+00:00\",\"breadcrumb\":{\"@id\":\"https:\\\/\\\/desdelaterrazadeamador.com\\\/los-enganos-de-los-fondos-verdes-una-tapadera-para-los-combustibles-fosiles\\\/#breadcrumb\"},\"inLanguage\":\"en-US\",\"potentialAction\":[{\"@type\":\"ReadAction\",\"target\":[\"https:\\\/\\\/desdelaterrazadeamador.com\\\/los-enganos-de-los-fondos-verdes-una-tapadera-para-los-combustibles-fosiles\\\/\"]}]},{\"@type\":\"ImageObject\",\"inLanguage\":\"en-US\",\"@id\":\"https:\\\/\\\/desdelaterrazadeamador.com\\\/los-enganos-de-los-fondos-verdes-una-tapadera-para-los-combustibles-fosiles\\\/#primaryimage\",\"url\":\"https:\\\/\\\/desdelaterrazadeamador.com\\\/wp-content\\\/uploads\\\/2025\\\/06\\\/Green-Funds.jpg\",\"contentUrl\":\"https:\\\/\\\/desdelaterrazadeamador.com\\\/wp-content\\\/uploads\\\/2025\\\/06\\\/Green-Funds.jpg\"},{\"@type\":\"BreadcrumbList\",\"@id\":\"https:\\\/\\\/desdelaterrazadeamador.com\\\/los-enganos-de-los-fondos-verdes-una-tapadera-para-los-combustibles-fosiles\\\/#breadcrumb\",\"itemListElement\":[{\"@type\":\"ListItem\",\"position\":1,\"name\":\"Portada\",\"item\":\"https:\\\/\\\/desdelaterrazadeamador.com\\\/\"},{\"@type\":\"ListItem\",\"position\":2,\"name\":\"Los enga\u00f1os de los Fondos \u00abVerdes\u00bb: \u00bfUna tapadera para los Combustibles F\u00f3siles?\"}]},{\"@type\":\"WebSite\",\"@id\":\"https:\\\/\\\/desdelaterrazadeamador.com\\\/#website\",\"url\":\"https:\\\/\\\/desdelaterrazadeamador.com\\\/\",\"name\":\"Desde la terraza de Amador\",\"description\":\"Reflexiones libres y honestas sobre temas de actualidad social y tecnol\u00f3gica\",\"publisher\":{\"@id\":\"https:\\\/\\\/desdelaterrazadeamador.com\\\/#\\\/schema\\\/person\\\/0b6966cf66bcc9a2eb35a69e1c074d66\"},\"potentialAction\":[{\"@type\":\"SearchAction\",\"target\":{\"@type\":\"EntryPoint\",\"urlTemplate\":\"https:\\\/\\\/desdelaterrazadeamador.com\\\/?s={search_term_string}\"},\"query-input\":{\"@type\":\"PropertyValueSpecification\",\"valueRequired\":true,\"valueName\":\"search_term_string\"}}],\"inLanguage\":\"en-US\"},{\"@type\":[\"Person\",\"Organization\"],\"@id\":\"https:\\\/\\\/desdelaterrazadeamador.com\\\/#\\\/schema\\\/person\\\/0b6966cf66bcc9a2eb35a69e1c074d66\",\"name\":\"Amador Palacios\",\"image\":{\"@type\":\"ImageObject\",\"inLanguage\":\"en-US\",\"@id\":\"https:\\\/\\\/desdelaterrazadeamador.com\\\/wp-content\\\/uploads\\\/2022\\\/01\\\/amador-palacios.jpg\",\"url\":\"https:\\\/\\\/desdelaterrazadeamador.com\\\/wp-content\\\/uploads\\\/2022\\\/01\\\/amador-palacios.jpg\",\"contentUrl\":\"https:\\\/\\\/desdelaterrazadeamador.com\\\/wp-content\\\/uploads\\\/2022\\\/01\\\/amador-palacios.jpg\",\"width\":1265,\"height\":899,\"caption\":\"Amador Palacios\"},\"logo\":{\"@id\":\"https:\\\/\\\/desdelaterrazadeamador.com\\\/wp-content\\\/uploads\\\/2022\\\/01\\\/amador-palacios.jpg\"},\"description\":\"Reflexiones de Amador Palacios sobre temas de Actualidad Social y Tecnol\u00f3gica; otras opiniones diferentes a la m\u00eda son bienvenidas\",\"sameAs\":[\"http:\\\/\\\/desdelaterrazadeamador.com\",\"https:\\\/\\\/es.linkedin.com\\\/in\\\/amador-palacios-499532a\",\"https:\\\/\\\/x.com\\\/https:\\\/\\\/twitter.com\\\/edurneamaya\"]}]}<\/script>\n<!-- \/ Yoast SEO plugin. -->","yoast_head_json":{"title":"Los enga\u00f1os de los Fondos \"Verdes\": \u00bfUna tapadera para los Combustibles F\u00f3siles? - Desde la terraza de Amador","robots":{"index":"index","follow":"follow","max-snippet":"max-snippet:-1","max-image-preview":"max-image-preview:large","max-video-preview":"max-video-preview:-1"},"canonical":"https:\/\/desdelaterrazadeamador.com\/en\/los-enganos-de-los-fondos-verdes-una-tapadera-para-los-combustibles-fosiles\/","og_locale":"en_US","og_type":"article","og_title":"Los enga\u00f1os de los Fondos \"Verdes\": \u00bfUna tapadera para los Combustibles F\u00f3siles? - Desde la terraza de Amador","og_description":"Views: 0 En el frenes\u00ed por la sostenibilidad, la inversi\u00f3n en fondos \u00abverdes\u00bb se ha disparado. La gente busca oportunidades de inversi\u00f3n alineadas con sus valores, y la promesa de un futuro ecol\u00f3gico parece irresistible. Sin embargo, un an\u00e1lisis realizado por The Guardian y otros medios desvela una realidad preocupante: muchos de estos fondos est\u00e1n [&hellip;]","og_url":"https:\/\/desdelaterrazadeamador.com\/en\/los-enganos-de-los-fondos-verdes-una-tapadera-para-los-combustibles-fosiles\/","og_site_name":"Desde la terraza de Amador","article_modified_time":"2025-06-26T05:54:19+00:00","og_image":[{"width":380,"height":200,"url":"https:\/\/desdelaterrazadeamador.com\/wp-content\/uploads\/2025\/06\/Green-Funds.jpg","type":"image\/jpeg"}],"twitter_card":"summary_large_image","twitter_site":"@edurneamaya","twitter_misc":{"Est. reading time":"4 minutes"},"schema":{"@context":"https:\/\/schema.org","@graph":[{"@type":"WebPage","@id":"https:\/\/desdelaterrazadeamador.com\/los-enganos-de-los-fondos-verdes-una-tapadera-para-los-combustibles-fosiles\/","url":"https:\/\/desdelaterrazadeamador.com\/los-enganos-de-los-fondos-verdes-una-tapadera-para-los-combustibles-fosiles\/","name":"Los enga\u00f1os de los Fondos \"Verdes\": \u00bfUna tapadera para los Combustibles F\u00f3siles? - Desde la terraza de Amador","isPartOf":{"@id":"https:\/\/desdelaterrazadeamador.com\/#website"},"primaryImageOfPage":{"@id":"https:\/\/desdelaterrazadeamador.com\/los-enganos-de-los-fondos-verdes-una-tapadera-para-los-combustibles-fosiles\/#primaryimage"},"image":{"@id":"https:\/\/desdelaterrazadeamador.com\/los-enganos-de-los-fondos-verdes-una-tapadera-para-los-combustibles-fosiles\/#primaryimage"},"thumbnailUrl":"https:\/\/desdelaterrazadeamador.com\/wp-content\/uploads\/2025\/06\/Green-Funds.jpg","datePublished":"2025-06-26T05:54:18+00:00","dateModified":"2025-06-26T05:54:19+00:00","breadcrumb":{"@id":"https:\/\/desdelaterrazadeamador.com\/los-enganos-de-los-fondos-verdes-una-tapadera-para-los-combustibles-fosiles\/#breadcrumb"},"inLanguage":"en-US","potentialAction":[{"@type":"ReadAction","target":["https:\/\/desdelaterrazadeamador.com\/los-enganos-de-los-fondos-verdes-una-tapadera-para-los-combustibles-fosiles\/"]}]},{"@type":"ImageObject","inLanguage":"en-US","@id":"https:\/\/desdelaterrazadeamador.com\/los-enganos-de-los-fondos-verdes-una-tapadera-para-los-combustibles-fosiles\/#primaryimage","url":"https:\/\/desdelaterrazadeamador.com\/wp-content\/uploads\/2025\/06\/Green-Funds.jpg","contentUrl":"https:\/\/desdelaterrazadeamador.com\/wp-content\/uploads\/2025\/06\/Green-Funds.jpg"},{"@type":"BreadcrumbList","@id":"https:\/\/desdelaterrazadeamador.com\/los-enganos-de-los-fondos-verdes-una-tapadera-para-los-combustibles-fosiles\/#breadcrumb","itemListElement":[{"@type":"ListItem","position":1,"name":"Portada","item":"https:\/\/desdelaterrazadeamador.com\/"},{"@type":"ListItem","position":2,"name":"Los enga\u00f1os de los Fondos \u00abVerdes\u00bb: \u00bfUna tapadera para los Combustibles F\u00f3siles?"}]},{"@type":"WebSite","@id":"https:\/\/desdelaterrazadeamador.com\/#website","url":"https:\/\/desdelaterrazadeamador.com\/","name":"Desde la terraza de Amador","description":"Free and honest reflections on current social and technological issues","publisher":{"@id":"https:\/\/desdelaterrazadeamador.com\/#\/schema\/person\/0b6966cf66bcc9a2eb35a69e1c074d66"},"potentialAction":[{"@type":"SearchAction","target":{"@type":"EntryPoint","urlTemplate":"https:\/\/desdelaterrazadeamador.com\/?s={search_term_string}"},"query-input":{"@type":"PropertyValueSpecification","valueRequired":true,"valueName":"search_term_string"}}],"inLanguage":"en-US"},{"@type":["Person","Organization"],"@id":"https:\/\/desdelaterrazadeamador.com\/#\/schema\/person\/0b6966cf66bcc9a2eb35a69e1c074d66","name":"Amador Palacios","image":{"@type":"ImageObject","inLanguage":"en-US","@id":"https:\/\/desdelaterrazadeamador.com\/wp-content\/uploads\/2022\/01\/amador-palacios.jpg","url":"https:\/\/desdelaterrazadeamador.com\/wp-content\/uploads\/2022\/01\/amador-palacios.jpg","contentUrl":"https:\/\/desdelaterrazadeamador.com\/wp-content\/uploads\/2022\/01\/amador-palacios.jpg","width":1265,"height":899,"caption":"Amador Palacios"},"logo":{"@id":"https:\/\/desdelaterrazadeamador.com\/wp-content\/uploads\/2022\/01\/amador-palacios.jpg"},"description":"Reflexiones de Amador Palacios sobre temas de Actualidad Social y Tecnol\u00f3gica; otras opiniones diferentes a la m\u00eda son bienvenidas","sameAs":["http:\/\/desdelaterrazadeamador.com","https:\/\/es.linkedin.com\/in\/amador-palacios-499532a","https:\/\/x.com\/https:\/\/twitter.com\/edurneamaya"]}]}},"_links":{"self":[{"href":"https:\/\/desdelaterrazadeamador.com\/en\/wp-json\/wp\/v2\/pages\/3792","targetHints":{"allow":["GET"]}}],"collection":[{"href":"https:\/\/desdelaterrazadeamador.com\/en\/wp-json\/wp\/v2\/pages"}],"about":[{"href":"https:\/\/desdelaterrazadeamador.com\/en\/wp-json\/wp\/v2\/types\/page"}],"author":[{"embeddable":true,"href":"https:\/\/desdelaterrazadeamador.com\/en\/wp-json\/wp\/v2\/users\/1"}],"replies":[{"embeddable":true,"href":"https:\/\/desdelaterrazadeamador.com\/en\/wp-json\/wp\/v2\/comments?post=3792"}],"version-history":[{"count":1,"href":"https:\/\/desdelaterrazadeamador.com\/en\/wp-json\/wp\/v2\/pages\/3792\/revisions"}],"predecessor-version":[{"id":3794,"href":"https:\/\/desdelaterrazadeamador.com\/en\/wp-json\/wp\/v2\/pages\/3792\/revisions\/3794"}],"wp:attachment":[{"href":"https:\/\/desdelaterrazadeamador.com\/en\/wp-json\/wp\/v2\/media?parent=3792"}],"curies":[{"name":"wp","href":"https:\/\/api.w.org\/{rel}","templated":true}]}}