{"id":1882,"date":"2023-05-23T07:56:44","date_gmt":"2023-05-23T05:56:44","guid":{"rendered":"https:\/\/desdelaterrazadeamador.com\/?page_id=1882"},"modified":"2023-05-23T07:56:58","modified_gmt":"2023-05-23T05:56:58","slug":"cada-dia-necesitamos-mas-minerales","status":"publish","type":"page","link":"https:\/\/desdelaterrazadeamador.com\/en\/cada-dia-necesitamos-mas-minerales\/","title":{"rendered":"Every day we need more and more minerals"},"content":{"rendered":"<p>Views: 0<\/p>\n<p class=\"wp-block-paragraph\">Every day we need more and more minerals<\/p>\n\n\n\n<p class=\"wp-block-paragraph\">Technological changes to try to avoid climate change force us to use more and more minerals to build the enormous number of electric motors, batteries, etc... that will be needed in the next decades.<\/p>\n\n\n\n<p class=\"wp-block-paragraph\">And this means finding new mines that provide a part of these materials, since another part will be obtained from the recovery of existing materials.<\/p>\n\n\n\n<p class=\"wp-block-paragraph\">Searching for mining deposits is not something obvious or easy. Until now, the minerals that were closest to the surface have been found, but as the deposits become scarcer, it is necessary to look for them at greater depths and that is much more complex and laborious, in time and money.<\/p>\n\n\n\n<p class=\"wp-block-paragraph\">Until now, mining companies analyzed the configuration of the land, and made prospections to determine with greater precision the richness of the possible mineral hidden under the surface of the earth, but that is changing with new technologies, and new companies that have been added. to these tasks.<\/p>\n\n\n\n<p class=\"wp-block-paragraph\">I have seen the website of the Company <strong>Kobold Metals<\/strong>\u00a0\u00a0 <a href=\"https:\/\/www.koboldmetals.com\/\">https:\/\/www.koboldmetals.com\/<\/a>\u00a0 which is one of the new ones in this field of mineral prospecting, and I found it very interesting\u00a0\u00a0\u00a0\u00a0\u00a0\u00a0\u00a0\u00a0\u00a0\u00a0\u00a0\u00a0<\/p>\n\n\n\n<figure class=\"wp-block-image size-full is-resized\"><img loading=\"lazy\" decoding=\"async\" src=\"https:\/\/desdelaterrazadeamador.com\/wp-content\/uploads\/2023\/05\/Kobold-Metals.png\" alt=\"\" class=\"wp-image-1883\" width=\"576\" height=\"167\" srcset=\"https:\/\/desdelaterrazadeamador.com\/wp-content\/uploads\/2023\/05\/Kobold-Metals.png 494w, https:\/\/desdelaterrazadeamador.com\/wp-content\/uploads\/2023\/05\/Kobold-Metals-300x87.png 300w, https:\/\/desdelaterrazadeamador.com\/wp-content\/uploads\/2023\/05\/Kobold-Metals-18x5.png 18w\" sizes=\"auto, (max-width: 576px) 100vw, 576px\" \/><\/figure>\n\n\n\n<p class=\"wp-block-paragraph\">This company makes extensive use of AI to analyze the multitude of existing information about the terrain and its geology, as well as using drones and helicopters that measure induced currents under the surface by means of a 35-meter coil, and thus detect possible existing minerals.<\/p>\n\n\n\n<p class=\"wp-block-paragraph\">I have expressed it in a very simple way, but the process is very complicated and also requires additional of many hundreds samples from meters below ground.<\/p>\n\n\n\n<p class=\"wp-block-paragraph\">The way this company operates is very curious and different, since they are not mineral extractors (they do not carry out mineral extraction mining work), but only mineral detectors.<\/p>\n\n\n\n<p class=\"wp-block-paragraph\">Before starting to work, they obtain an extraction permit, and when they confirm the existence of useful mineral for their exploitation, they reach agreements with mining companies so that they carry out the work typical of mining, which is the extraction of the mineral.<\/p>\n\n\n\n<p class=\"wp-block-paragraph\">Kobold is a technology company supported by Stanford University, and offers its services all around the world. It has received a few hundred million dollars of financing from institutional investors (among them Bill Gates), and it seems that it has very good business prospects for the next few years, as the mineral needs are only increasing.<\/p>\n\n\n\n<p class=\"wp-block-paragraph\">I liked the idea of the Kobold people, because it is original and different, and I hope they do very well.<\/p>","protected":false},"excerpt":{"rendered":"<p>Views: 0 Cada d\u00eda necesitamos m\u00e1s minerales Los cambios tecnol\u00f3gicos para intentar evitar el cambio clim\u00e1tico nos obligan a utilizar m\u00e1s minerales que permitan construir la enorme cantidad de motores el\u00e9ctricos, bater\u00edas, etc \u2026 que se van a necesitar en las pr\u00f3ximas decenas de a\u00f1os. Y esto supone encontrar nuevas minas que aporten una parte [&hellip;]<\/p>\n","protected":false},"author":1,"featured_media":1884,"parent":0,"menu_order":0,"comment_status":"closed","ping_status":"closed","template":"","meta":{"_crdt_document":"","footnotes":""},"class_list":["post-1882","page","type-page","status-publish","has-post-thumbnail","hentry"],"yoast_head":"<!-- This site is optimized with the Yoast SEO plugin v27.3 - https:\/\/yoast.com\/product\/yoast-seo-wordpress\/ -->\n<title>Cada d\u00eda necesitamos m\u00e1s minerales - Desde la terraza de Amador<\/title>\n<meta name=\"robots\" content=\"index, follow, max-snippet:-1, max-image-preview:large, max-video-preview:-1\" \/>\n<link rel=\"canonical\" href=\"https:\/\/desdelaterrazadeamador.com\/en\/cada-dia-necesitamos-mas-minerales\/\" \/>\n<meta property=\"og:locale\" content=\"en_US\" \/>\n<meta property=\"og:type\" content=\"article\" \/>\n<meta property=\"og:title\" content=\"Cada d\u00eda necesitamos m\u00e1s minerales - Desde la terraza de Amador\" \/>\n<meta property=\"og:description\" content=\"Views: 0 Cada d\u00eda necesitamos m\u00e1s minerales Los cambios tecnol\u00f3gicos para intentar evitar el cambio clim\u00e1tico nos obligan a utilizar m\u00e1s minerales que permitan construir la enorme cantidad de motores el\u00e9ctricos, bater\u00edas, etc \u2026 que se van a necesitar en las pr\u00f3ximas decenas de a\u00f1os. Y esto supone encontrar nuevas minas que aporten una parte [&hellip;]\" \/>\n<meta property=\"og:url\" content=\"https:\/\/desdelaterrazadeamador.com\/en\/cada-dia-necesitamos-mas-minerales\/\" \/>\n<meta property=\"og:site_name\" content=\"Desde la terraza de Amador\" \/>\n<meta property=\"article:modified_time\" content=\"2023-05-23T05:56:58+00:00\" \/>\n<meta property=\"og:image\" content=\"https:\/\/desdelaterrazadeamador.com\/wp-content\/uploads\/2023\/05\/Mineral.jpg\" \/>\n\t<meta property=\"og:image:width\" content=\"350\" \/>\n\t<meta property=\"og:image:height\" content=\"215\" \/>\n\t<meta property=\"og:image:type\" content=\"image\/jpeg\" \/>\n<meta name=\"twitter:card\" content=\"summary_large_image\" \/>\n<meta name=\"twitter:site\" content=\"@edurneamaya\" \/>\n<meta name=\"twitter:label1\" content=\"Est. reading time\" \/>\n\t<meta name=\"twitter:data1\" content=\"3 minutes\" \/>\n<script type=\"application\/ld+json\" class=\"yoast-schema-graph\">{\"@context\":\"https:\\\/\\\/schema.org\",\"@graph\":[{\"@type\":\"WebPage\",\"@id\":\"https:\\\/\\\/desdelaterrazadeamador.com\\\/cada-dia-necesitamos-mas-minerales\\\/\",\"url\":\"https:\\\/\\\/desdelaterrazadeamador.com\\\/cada-dia-necesitamos-mas-minerales\\\/\",\"name\":\"Cada d\u00eda necesitamos m\u00e1s minerales - Desde la terraza de Amador\",\"isPartOf\":{\"@id\":\"https:\\\/\\\/desdelaterrazadeamador.com\\\/#website\"},\"primaryImageOfPage\":{\"@id\":\"https:\\\/\\\/desdelaterrazadeamador.com\\\/cada-dia-necesitamos-mas-minerales\\\/#primaryimage\"},\"image\":{\"@id\":\"https:\\\/\\\/desdelaterrazadeamador.com\\\/cada-dia-necesitamos-mas-minerales\\\/#primaryimage\"},\"thumbnailUrl\":\"https:\\\/\\\/desdelaterrazadeamador.com\\\/wp-content\\\/uploads\\\/2023\\\/05\\\/Mineral.jpg\",\"datePublished\":\"2023-05-23T05:56:44+00:00\",\"dateModified\":\"2023-05-23T05:56:58+00:00\",\"breadcrumb\":{\"@id\":\"https:\\\/\\\/desdelaterrazadeamador.com\\\/cada-dia-necesitamos-mas-minerales\\\/#breadcrumb\"},\"inLanguage\":\"en-US\",\"potentialAction\":[{\"@type\":\"ReadAction\",\"target\":[\"https:\\\/\\\/desdelaterrazadeamador.com\\\/cada-dia-necesitamos-mas-minerales\\\/\"]}]},{\"@type\":\"ImageObject\",\"inLanguage\":\"en-US\",\"@id\":\"https:\\\/\\\/desdelaterrazadeamador.com\\\/cada-dia-necesitamos-mas-minerales\\\/#primaryimage\",\"url\":\"https:\\\/\\\/desdelaterrazadeamador.com\\\/wp-content\\\/uploads\\\/2023\\\/05\\\/Mineral.jpg\",\"contentUrl\":\"https:\\\/\\\/desdelaterrazadeamador.com\\\/wp-content\\\/uploads\\\/2023\\\/05\\\/Mineral.jpg\",\"width\":350,\"height\":215},{\"@type\":\"BreadcrumbList\",\"@id\":\"https:\\\/\\\/desdelaterrazadeamador.com\\\/cada-dia-necesitamos-mas-minerales\\\/#breadcrumb\",\"itemListElement\":[{\"@type\":\"ListItem\",\"position\":1,\"name\":\"Portada\",\"item\":\"https:\\\/\\\/desdelaterrazadeamador.com\\\/\"},{\"@type\":\"ListItem\",\"position\":2,\"name\":\"Cada d\u00eda necesitamos m\u00e1s minerales\"}]},{\"@type\":\"WebSite\",\"@id\":\"https:\\\/\\\/desdelaterrazadeamador.com\\\/#website\",\"url\":\"https:\\\/\\\/desdelaterrazadeamador.com\\\/\",\"name\":\"Desde la terraza de Amador\",\"description\":\"Reflexiones libres y honestas sobre temas de actualidad social y tecnol\u00f3gica\",\"publisher\":{\"@id\":\"https:\\\/\\\/desdelaterrazadeamador.com\\\/#\\\/schema\\\/person\\\/0b6966cf66bcc9a2eb35a69e1c074d66\"},\"potentialAction\":[{\"@type\":\"SearchAction\",\"target\":{\"@type\":\"EntryPoint\",\"urlTemplate\":\"https:\\\/\\\/desdelaterrazadeamador.com\\\/?s={search_term_string}\"},\"query-input\":{\"@type\":\"PropertyValueSpecification\",\"valueRequired\":true,\"valueName\":\"search_term_string\"}}],\"inLanguage\":\"en-US\"},{\"@type\":[\"Person\",\"Organization\"],\"@id\":\"https:\\\/\\\/desdelaterrazadeamador.com\\\/#\\\/schema\\\/person\\\/0b6966cf66bcc9a2eb35a69e1c074d66\",\"name\":\"Amador Palacios\",\"image\":{\"@type\":\"ImageObject\",\"inLanguage\":\"en-US\",\"@id\":\"https:\\\/\\\/desdelaterrazadeamador.com\\\/wp-content\\\/uploads\\\/2022\\\/01\\\/amador-palacios.jpg\",\"url\":\"https:\\\/\\\/desdelaterrazadeamador.com\\\/wp-content\\\/uploads\\\/2022\\\/01\\\/amador-palacios.jpg\",\"contentUrl\":\"https:\\\/\\\/desdelaterrazadeamador.com\\\/wp-content\\\/uploads\\\/2022\\\/01\\\/amador-palacios.jpg\",\"width\":1265,\"height\":899,\"caption\":\"Amador Palacios\"},\"logo\":{\"@id\":\"https:\\\/\\\/desdelaterrazadeamador.com\\\/wp-content\\\/uploads\\\/2022\\\/01\\\/amador-palacios.jpg\"},\"description\":\"Reflexiones de Amador Palacios sobre temas de Actualidad Social y Tecnol\u00f3gica; otras opiniones diferentes a la m\u00eda son bienvenidas\",\"sameAs\":[\"http:\\\/\\\/desdelaterrazadeamador.com\",\"https:\\\/\\\/es.linkedin.com\\\/in\\\/amador-palacios-499532a\",\"https:\\\/\\\/x.com\\\/https:\\\/\\\/twitter.com\\\/edurneamaya\"]}]}<\/script>\n<!-- \/ Yoast SEO plugin. -->","yoast_head_json":{"title":"Cada d\u00eda necesitamos m\u00e1s minerales - Desde la terraza de Amador","robots":{"index":"index","follow":"follow","max-snippet":"max-snippet:-1","max-image-preview":"max-image-preview:large","max-video-preview":"max-video-preview:-1"},"canonical":"https:\/\/desdelaterrazadeamador.com\/en\/cada-dia-necesitamos-mas-minerales\/","og_locale":"en_US","og_type":"article","og_title":"Cada d\u00eda necesitamos m\u00e1s minerales - Desde la terraza de Amador","og_description":"Views: 0 Cada d\u00eda necesitamos m\u00e1s minerales Los cambios tecnol\u00f3gicos para intentar evitar el cambio clim\u00e1tico nos obligan a utilizar m\u00e1s minerales que permitan construir la enorme cantidad de motores el\u00e9ctricos, bater\u00edas, etc \u2026 que se van a necesitar en las pr\u00f3ximas decenas de a\u00f1os. Y esto supone encontrar nuevas minas que aporten una parte [&hellip;]","og_url":"https:\/\/desdelaterrazadeamador.com\/en\/cada-dia-necesitamos-mas-minerales\/","og_site_name":"Desde la terraza de Amador","article_modified_time":"2023-05-23T05:56:58+00:00","og_image":[{"width":350,"height":215,"url":"https:\/\/desdelaterrazadeamador.com\/wp-content\/uploads\/2023\/05\/Mineral.jpg","type":"image\/jpeg"}],"twitter_card":"summary_large_image","twitter_site":"@edurneamaya","twitter_misc":{"Est. reading time":"3 minutes"},"schema":{"@context":"https:\/\/schema.org","@graph":[{"@type":"WebPage","@id":"https:\/\/desdelaterrazadeamador.com\/cada-dia-necesitamos-mas-minerales\/","url":"https:\/\/desdelaterrazadeamador.com\/cada-dia-necesitamos-mas-minerales\/","name":"Cada d\u00eda necesitamos m\u00e1s minerales - Desde la terraza de Amador","isPartOf":{"@id":"https:\/\/desdelaterrazadeamador.com\/#website"},"primaryImageOfPage":{"@id":"https:\/\/desdelaterrazadeamador.com\/cada-dia-necesitamos-mas-minerales\/#primaryimage"},"image":{"@id":"https:\/\/desdelaterrazadeamador.com\/cada-dia-necesitamos-mas-minerales\/#primaryimage"},"thumbnailUrl":"https:\/\/desdelaterrazadeamador.com\/wp-content\/uploads\/2023\/05\/Mineral.jpg","datePublished":"2023-05-23T05:56:44+00:00","dateModified":"2023-05-23T05:56:58+00:00","breadcrumb":{"@id":"https:\/\/desdelaterrazadeamador.com\/cada-dia-necesitamos-mas-minerales\/#breadcrumb"},"inLanguage":"en-US","potentialAction":[{"@type":"ReadAction","target":["https:\/\/desdelaterrazadeamador.com\/cada-dia-necesitamos-mas-minerales\/"]}]},{"@type":"ImageObject","inLanguage":"en-US","@id":"https:\/\/desdelaterrazadeamador.com\/cada-dia-necesitamos-mas-minerales\/#primaryimage","url":"https:\/\/desdelaterrazadeamador.com\/wp-content\/uploads\/2023\/05\/Mineral.jpg","contentUrl":"https:\/\/desdelaterrazadeamador.com\/wp-content\/uploads\/2023\/05\/Mineral.jpg","width":350,"height":215},{"@type":"BreadcrumbList","@id":"https:\/\/desdelaterrazadeamador.com\/cada-dia-necesitamos-mas-minerales\/#breadcrumb","itemListElement":[{"@type":"ListItem","position":1,"name":"Portada","item":"https:\/\/desdelaterrazadeamador.com\/"},{"@type":"ListItem","position":2,"name":"Cada d\u00eda necesitamos m\u00e1s minerales"}]},{"@type":"WebSite","@id":"https:\/\/desdelaterrazadeamador.com\/#website","url":"https:\/\/desdelaterrazadeamador.com\/","name":"Desde la terraza de Amador","description":"Free and honest reflections on current social and technological issues","publisher":{"@id":"https:\/\/desdelaterrazadeamador.com\/#\/schema\/person\/0b6966cf66bcc9a2eb35a69e1c074d66"},"potentialAction":[{"@type":"SearchAction","target":{"@type":"EntryPoint","urlTemplate":"https:\/\/desdelaterrazadeamador.com\/?s={search_term_string}"},"query-input":{"@type":"PropertyValueSpecification","valueRequired":true,"valueName":"search_term_string"}}],"inLanguage":"en-US"},{"@type":["Person","Organization"],"@id":"https:\/\/desdelaterrazadeamador.com\/#\/schema\/person\/0b6966cf66bcc9a2eb35a69e1c074d66","name":"Amador Palacios","image":{"@type":"ImageObject","inLanguage":"en-US","@id":"https:\/\/desdelaterrazadeamador.com\/wp-content\/uploads\/2022\/01\/amador-palacios.jpg","url":"https:\/\/desdelaterrazadeamador.com\/wp-content\/uploads\/2022\/01\/amador-palacios.jpg","contentUrl":"https:\/\/desdelaterrazadeamador.com\/wp-content\/uploads\/2022\/01\/amador-palacios.jpg","width":1265,"height":899,"caption":"Amador Palacios"},"logo":{"@id":"https:\/\/desdelaterrazadeamador.com\/wp-content\/uploads\/2022\/01\/amador-palacios.jpg"},"description":"Reflexiones de Amador Palacios sobre temas de Actualidad Social y Tecnol\u00f3gica; otras opiniones diferentes a la m\u00eda son bienvenidas","sameAs":["http:\/\/desdelaterrazadeamador.com","https:\/\/es.linkedin.com\/in\/amador-palacios-499532a","https:\/\/x.com\/https:\/\/twitter.com\/edurneamaya"]}]}},"_links":{"self":[{"href":"https:\/\/desdelaterrazadeamador.com\/en\/wp-json\/wp\/v2\/pages\/1882","targetHints":{"allow":["GET"]}}],"collection":[{"href":"https:\/\/desdelaterrazadeamador.com\/en\/wp-json\/wp\/v2\/pages"}],"about":[{"href":"https:\/\/desdelaterrazadeamador.com\/en\/wp-json\/wp\/v2\/types\/page"}],"author":[{"embeddable":true,"href":"https:\/\/desdelaterrazadeamador.com\/en\/wp-json\/wp\/v2\/users\/1"}],"replies":[{"embeddable":true,"href":"https:\/\/desdelaterrazadeamador.com\/en\/wp-json\/wp\/v2\/comments?post=1882"}],"version-history":[{"count":1,"href":"https:\/\/desdelaterrazadeamador.com\/en\/wp-json\/wp\/v2\/pages\/1882\/revisions"}],"predecessor-version":[{"id":1885,"href":"https:\/\/desdelaterrazadeamador.com\/en\/wp-json\/wp\/v2\/pages\/1882\/revisions\/1885"}],"wp:featuredmedia":[{"embeddable":true,"href":"https:\/\/desdelaterrazadeamador.com\/en\/wp-json\/wp\/v2\/media\/1884"}],"wp:attachment":[{"href":"https:\/\/desdelaterrazadeamador.com\/en\/wp-json\/wp\/v2\/media?parent=1882"}],"curies":[{"name":"wp","href":"https:\/\/api.w.org\/{rel}","templated":true}]}}